{"id":3755,"date":"2021-11-03T04:19:47","date_gmt":"2021-11-03T04:19:47","guid":{"rendered":"https:\/\/trivietmec.com\/chinh-sach-thanh-toan\/"},"modified":"2021-11-03T04:19:47","modified_gmt":"2021-11-03T04:19:47","slug":"chinh-sach-thanh-toan","status":"publish","type":"page","link":"https:\/\/trivietmec.com\/en\/chinh-sach-thanh-toan\/","title":{"rendered":"Ch\u00ednh s\u00e1ch thanh to\u00e1n"},"content":{"rendered":"<p>Lorem ipsum dolor sit amet, consectetur adipiscing elit, sed do eiusmod tempor incididunt ut labore et dolore magna aliqua. Ut enim ad minim veniam, quis nostrud exercitation ullamco laboris nisi ut aliquip ex ea commodo consequat. Duis aute irure dolor in reprehenderit in voluptate velit esse cillum dolore eu fugiat nulla pariatur. Excepteur sint occaecat cupidatat non proident, sunt in culpa qui officia deserunt mollit anim id est laborum.Lorem ipsum dolor sit amet, consectetur adipiscing elit, sed do eiusmod tempor incididunt ut labore et dolore magna aliqua. Ut enim ad minim veniam, quis nostrud exercitation ullamco laboris nisi ut aliquip ex ea commodo consequat. Duis aute irure dolor in reprehenderit in voluptate velit esse cillum dolore eu fugiat nulla pariatur. Excepteur sint occaecat cupidatat non proident, sunt in culpa qui officia deserunt mollit anim id est laborum.<\/p>\n","protected":false},"excerpt":{"rendered":"<p>Lorem ipsum dolor sit amet, consectetur adipiscing elit, sed do eiusmod tempor incididunt ut labore et dolore magna aliqua. Ut enim ad minim veniam, quis nostrud exercitation ullamco laboris nisi ut aliquip ex ea commodo consequat. Duis aute irure dolor in reprehenderit in voluptate velit esse cillum dolore eu fugiat nulla pariatur. Excepteur sint occaecat &#8230; <a title=\"Ch\u00ednh s\u00e1ch thanh to\u00e1n\" class=\"read-more\" href=\"https:\/\/trivietmec.com\/en\/chinh-sach-thanh-toan\/\" aria-label=\"More on Ch\u00ednh s\u00e1ch thanh to\u00e1n\">Read more<\/a><\/p>\n","protected":false},"author":1,"featured_media":0,"parent":0,"menu_order":0,"comment_status":"closed","ping_status":"closed","template":"","meta":[],"yoast_head":"<!-- This site is optimized with the Yoast SEO plugin v18.8 - https:\/\/yoast.com\/wordpress\/plugins\/seo\/ -->\n<title>Ch\u00ednh s\u00e1ch thanh to\u00e1n - T\u1ee7 \u0110i\u1ec7n | Thang m\u00e1ng c\u00e1p | Thi\u1ebft b\u1ecb \u0111i\u1ec7n<\/title>\n<meta name=\"robots\" content=\"index, follow, max-snippet:-1, max-image-preview:large, max-video-preview:-1\" \/>\n<link rel=\"canonical\" href=\"https:\/\/trivietmec.com\/en\/chinh-sach-thanh-toan\/\" \/>\n<meta property=\"og:locale\" content=\"en_US\" \/>\n<meta property=\"og:type\" content=\"article\" \/>\n<meta property=\"og:title\" content=\"Ch\u00ednh s\u00e1ch thanh to\u00e1n - T\u1ee7 \u0110i\u1ec7n | Thang m\u00e1ng c\u00e1p | Thi\u1ebft b\u1ecb \u0111i\u1ec7n\" \/>\n<meta property=\"og:description\" content=\"Lorem ipsum dolor sit amet, consectetur adipiscing elit, sed do eiusmod tempor incididunt ut labore et dolore magna aliqua. Ut enim ad minim veniam, quis nostrud exercitation ullamco laboris nisi ut aliquip ex ea commodo consequat. Duis aute irure dolor in reprehenderit in voluptate velit esse cillum dolore eu fugiat nulla pariatur. Excepteur sint occaecat ... Read more\" \/>\n<meta property=\"og:url\" content=\"https:\/\/trivietmec.com\/en\/chinh-sach-thanh-toan\/\" \/>\n<meta property=\"og:site_name\" content=\"T\u1ee7 \u0110i\u1ec7n | Thang m\u00e1ng c\u00e1p | Thi\u1ebft b\u1ecb \u0111i\u1ec7n\" \/>\n<meta name=\"twitter:card\" content=\"summary_large_image\" \/>\n<meta name=\"twitter:label1\" content=\"Est. reading time\" \/>\n\t<meta name=\"twitter:data1\" content=\"1 minute\" \/>\n<script type=\"application\/ld+json\" class=\"yoast-schema-graph\">{\"@context\":\"https:\/\/schema.org\",\"@graph\":[{\"@type\":\"WebSite\",\"@id\":\"https:\/\/trivietmec.com\/#website\",\"url\":\"https:\/\/trivietmec.com\/\",\"name\":\"T\u1ee7 \u0110i\u1ec7n | Thang m\u00e1ng c\u00e1p | Thi\u1ebft b\u1ecb \u0111i\u1ec7n\",\"description\":\"\",\"potentialAction\":[{\"@type\":\"SearchAction\",\"target\":{\"@type\":\"EntryPoint\",\"urlTemplate\":\"https:\/\/trivietmec.com\/?s={search_term_string}\"},\"query-input\":\"required name=search_term_string\"}],\"inLanguage\":\"en\"},{\"@type\":\"WebPage\",\"@id\":\"https:\/\/trivietmec.com\/en\/chinh-sach-thanh-toan\/#webpage\",\"url\":\"https:\/\/trivietmec.com\/en\/chinh-sach-thanh-toan\/\",\"name\":\"Ch\u00ednh s\u00e1ch thanh to\u00e1n - T\u1ee7 \u0110i\u1ec7n | Thang m\u00e1ng c\u00e1p | Thi\u1ebft b\u1ecb \u0111i\u1ec7n\",\"isPartOf\":{\"@id\":\"https:\/\/trivietmec.com\/#website\"},\"datePublished\":\"2021-11-03T04:19:47+00:00\",\"dateModified\":\"2021-11-03T04:19:47+00:00\",\"breadcrumb\":{\"@id\":\"https:\/\/trivietmec.com\/en\/chinh-sach-thanh-toan\/#breadcrumb\"},\"inLanguage\":\"en\",\"potentialAction\":[{\"@type\":\"ReadAction\",\"target\":[\"https:\/\/trivietmec.com\/en\/chinh-sach-thanh-toan\/\"]}]},{\"@type\":\"BreadcrumbList\",\"@id\":\"https:\/\/trivietmec.com\/en\/chinh-sach-thanh-toan\/#breadcrumb\",\"itemListElement\":[{\"@type\":\"ListItem\",\"position\":1,\"name\":\"Home\",\"item\":\"https:\/\/trivietmec.com\/en\/trang-chu\/\"},{\"@type\":\"ListItem\",\"position\":2,\"name\":\"Ch\u00ednh s\u00e1ch thanh to\u00e1n\"}]}]}<\/script>\n<!-- \/ Yoast SEO plugin. -->","yoast_head_json":{"title":"Ch\u00ednh s\u00e1ch thanh to\u00e1n - T\u1ee7 \u0110i\u1ec7n | Thang m\u00e1ng c\u00e1p | Thi\u1ebft b\u1ecb \u0111i\u1ec7n","robots":{"index":"index","follow":"follow","max-snippet":"max-snippet:-1","max-image-preview":"max-image-preview:large","max-video-preview":"max-video-preview:-1"},"canonical":"https:\/\/trivietmec.com\/en\/chinh-sach-thanh-toan\/","og_locale":"en_US","og_type":"article","og_title":"Ch\u00ednh s\u00e1ch thanh to\u00e1n - T\u1ee7 \u0110i\u1ec7n | Thang m\u00e1ng c\u00e1p | Thi\u1ebft b\u1ecb \u0111i\u1ec7n","og_description":"Lorem ipsum dolor sit amet, consectetur adipiscing elit, sed do eiusmod tempor incididunt ut labore et dolore magna aliqua. Ut enim ad minim veniam, quis nostrud exercitation ullamco laboris nisi ut aliquip ex ea commodo consequat. Duis aute irure dolor in reprehenderit in voluptate velit esse cillum dolore eu fugiat nulla pariatur. Excepteur sint occaecat ... Read more","og_url":"https:\/\/trivietmec.com\/en\/chinh-sach-thanh-toan\/","og_site_name":"T\u1ee7 \u0110i\u1ec7n | Thang m\u00e1ng c\u00e1p | Thi\u1ebft b\u1ecb \u0111i\u1ec7n","twitter_card":"summary_large_image","twitter_misc":{"Est. reading time":"1 minute"},"schema":{"@context":"https:\/\/schema.org","@graph":[{"@type":"WebSite","@id":"https:\/\/trivietmec.com\/#website","url":"https:\/\/trivietmec.com\/","name":"T\u1ee7 \u0110i\u1ec7n | Thang m\u00e1ng c\u00e1p | Thi\u1ebft b\u1ecb \u0111i\u1ec7n","description":"","potentialAction":[{"@type":"SearchAction","target":{"@type":"EntryPoint","urlTemplate":"https:\/\/trivietmec.com\/?s={search_term_string}"},"query-input":"required name=search_term_string"}],"inLanguage":"en"},{"@type":"WebPage","@id":"https:\/\/trivietmec.com\/en\/chinh-sach-thanh-toan\/#webpage","url":"https:\/\/trivietmec.com\/en\/chinh-sach-thanh-toan\/","name":"Ch\u00ednh s\u00e1ch thanh to\u00e1n - T\u1ee7 \u0110i\u1ec7n | Thang m\u00e1ng c\u00e1p | Thi\u1ebft b\u1ecb \u0111i\u1ec7n","isPartOf":{"@id":"https:\/\/trivietmec.com\/#website"},"datePublished":"2021-11-03T04:19:47+00:00","dateModified":"2021-11-03T04:19:47+00:00","breadcrumb":{"@id":"https:\/\/trivietmec.com\/en\/chinh-sach-thanh-toan\/#breadcrumb"},"inLanguage":"en","potentialAction":[{"@type":"ReadAction","target":["https:\/\/trivietmec.com\/en\/chinh-sach-thanh-toan\/"]}]},{"@type":"BreadcrumbList","@id":"https:\/\/trivietmec.com\/en\/chinh-sach-thanh-toan\/#breadcrumb","itemListElement":[{"@type":"ListItem","position":1,"name":"Home","item":"https:\/\/trivietmec.com\/en\/trang-chu\/"},{"@type":"ListItem","position":2,"name":"Ch\u00ednh s\u00e1ch thanh to\u00e1n"}]}]}},"_links":{"self":[{"href":"https:\/\/trivietmec.com\/en\/wp-json\/wp\/v2\/pages\/3755"}],"collection":[{"href":"https:\/\/trivietmec.com\/en\/wp-json\/wp\/v2\/pages"}],"about":[{"href":"https:\/\/trivietmec.com\/en\/wp-json\/wp\/v2\/types\/page"}],"author":[{"embeddable":true,"href":"https:\/\/trivietmec.com\/en\/wp-json\/wp\/v2\/users\/1"}],"replies":[{"embeddable":true,"href":"https:\/\/trivietmec.com\/en\/wp-json\/wp\/v2\/comments?post=3755"}],"version-history":[{"count":0,"href":"https:\/\/trivietmec.com\/en\/wp-json\/wp\/v2\/pages\/3755\/revisions"}],"wp:attachment":[{"href":"https:\/\/trivietmec.com\/en\/wp-json\/wp\/v2\/media?parent=3755"}],"curies":[{"name":"wp","href":"https:\/\/api.w.org\/{rel}","templated":true}]}}